{"id":5734,"date":"2024-03-26T11:13:36","date_gmt":"2024-03-26T11:13:36","guid":{"rendered":"https:\/\/entwurf.concepcion.de\/index.php\/widerrufsbelehrung\/"},"modified":"2024-08-28T12:56:04","modified_gmt":"2024-08-28T12:56:04","slug":"widerrufsbelehrung","status":"publish","type":"page","link":"https:\/\/entwurf.concepcion.de\/index.php\/widerrufsbelehrung\/","title":{"rendered":"Widerrufsbelehrung"},"content":{"rendered":"<p>entsprechend den AGB&#8217;s:<\/p>\n<p>AGB<\/p>\n<p>Nachfolgend finden Sie die Allgemeinen Gesch\u00e4ftsbedingungen f\u00fcr<br \/>\nprivate Endkunden und f\u00fcr gewerbliche Endkunden von<br \/>\nconcepcion SEIDEL OHG<br \/>\nFriedrichsgr\u00fcner Str. 83<br \/>\n08262 Muldenhammer<br \/>\nTel 037465 444-0, Fax -25<br \/>\ninfo@concepcion.de<\/p>\n<p>in den nachfolgenden Ausf\u00fchrungen als Fachh\u00e4ndler bezeichnet.<\/p>\n<p>Gesch\u00e4ftsf\u00fchrende Gesellschafter: Frieder Seidel, Carmen Seidel<br \/>\nAmtsgericht Chemnitz, HRA 904<br \/>\nSteuernr. 223\/152\/15300, USt.ID-nr. DE 218656440<br \/>\nStand: 13.M\u00e4rz 2024<\/p>\n<p>ALLGEMEINE GESCH\u00c4FTSBEDINGUNGEN<br \/>\nS\u00e4mtliche Lieferungen und Leistungen erfolgen ausschlie\u00dflich auf Basis nachfolgender Gesch\u00e4ftsbedingungen:<br \/>\n1. Zustandekommen des Kaufvertrages<br \/>\nDer Kaufvertrag kommt mit der \u00dcbersendung des Bestellprotokolls, welches Ihnen unmittelbar nach Eingang Ihrer Bestellung per E-Mail zugesandt wird, zustande. Die Bestellung wird kundenseitig rechtsverbindlich vorgenommen, wenn am Ende des Bestellvorganges in unserem Endkunden Onlineshop die Bestellung an den Fachh\u00e4ndler versandt wird. Den genauen Versandtermin der von Ihnen bestellten Ware k\u00f6nnen Sie dem, Ihnen per E-Mail zugesandten, Bestellprotokoll entnehmen. Vertragspartner des Kunden ist das Unternehmen des oben n\u00e4her bezeichneten Fachh\u00e4ndlers.<br \/>\n2. Datenschutz<br \/>\nDer Schutz Ihrer personenbezogenen Daten bei der Erhebung, Verarbeitung und Nutzung anl\u00e4sslich Ihres Besuches auf unserer Homepage ist uns ein wichtiges Anliegen. Ihre Daten werden im Rahmen der gesetzlichen Vorschriften gesch\u00fctzt. Nachfolgend finden Sie Informationen, welche Daten w\u00e4hrend Ihres Besuchs auf der Homepage und gegebenenfalls zus\u00e4tzlich im Rahmen des Bestellvorganges erfa\u00dft und wie diese genutzt werden:<br \/>\n2.1. Erhebung und Verarbeitung von Daten<br \/>\nJeder Zugriff auf unsere Homepage und jeder Abruf einer auf der Homepage hinterlegten Datei werden protokolliert. Die Speicherung dient systembezogenen und statistischen Zwecken. Protokolliert werden der Name der abgerufenen Datei, Datum und Uhrzeit des Abrufs, \u00fcbertragene Datenmenge, Meldung \u00fcber erfolgreichen Abruf, Webbrowser und anfragende Domain. Zus\u00e4tzlich werden die IP Adressen der anfragenden Rechner protokolliert. Weitergehende personenbezogene Daten werden nur erfasst, wenn die Angaben von Ihnen freiwillig im Rahmen einer Registrierung, Anfrage oder Bestellung angegeben werden.<br \/>\n2.2. Nutzung und Weitergabe personenbezogener Daten<br \/>\nSoweit Sie uns personenbezogene Daten zur Verf\u00fcgung gestellt haben, verwenden wir diese nur zur Beantwortung Ihrer Anfragen, zur Abwicklung mit Ihnen geschlossener Vertr\u00e4ge, f\u00fcr die technische Administration und zur Pflege der Kundenbeziehung. Eine Weitergabe der personenbezogenen Daten an Dritte erfolgt nicht. Ausgenommen hiervon sind Dienstleistungspartner, die zur Bestellabwicklung die \u00dcbermittlung von Daten ben\u00f6tigen wie z. B. das mit der Lieferung beauftragte Distributionsunternehmen und das mit der Zahlungsabwicklung beauftragte Kreditinstitut. In diesen F\u00e4llen besch\u00e4rnkt sich der Umfang der \u00fcbermittelten Daten auf das erforderliche Minimum. Die L\u00f6schung der gespeicherten personenbezogenen Daten erfolgt, wenn Sie Ihre Einwilligung zur Speicherung widerrufen oder wenn ihre Speicherung aus sonstigen gesetzlichen Gr\u00fcnden unzul\u00e4ssig ist.<br \/>\n2.3. Einsatz von Cookies<br \/>\nCookies sind alphanumerische Identifikationszeichen, die wir mittels Ihres Webbrowsers auf die Festplatte Ihres Computers \u00fcbermitteln. Sie erm\u00f6glichen unserem System, Ihren Browser zu erkennen und Ihnen damit erweiterte Leistungsmerkmale unseres Internet Shops zukommen zu lassen. Die Hilfefunktion in der Men\u00fcleiste der meisten Webbrowser erkl\u00e4rt Ihnen, wie Sie Cookies zulassen oder ablehnen k\u00f6nnen. Wir empfehlen Ihnen, die Cookie-Funktion eingeschaltet zu lassen, um alle Leistungsmerkmale unseres Internet Shops uneingeschr\u00e4nkt nutzen zu k\u00f6nnen. Cookies richten auf Ihrem Rechner keinen Schaden an und enthalten keine Viren.<br \/>\n2.4. Auskunftsrecht<br \/>\nAuf schriftliche Anfrage werden wir Sie jederzeit gern \u00fcber die zu Ihrer Person gespeicherten Daten informieren.<br \/>\n3. Preise<br \/>\nS\u00e4mtliche Preise und Kostenangaben verstehen sich inklusive der gesetzlichen Mehrwertsteuer und sind freibleibend.<br \/>\nSie erhalten eine Rechnung mit ausgewiesener Mehrwertsteuer.<br \/>\n4. Lieferung<br \/>\nDie Lieferung erfolgt grunds\u00e4tzlich zuz\u00fcglich Versandkosten und gegebenenfalls Nachnahmegeb\u00fchr ab Lager. Die genaue H\u00f6he der Versandkosten und der Nachnahmegeb\u00fchr ersehen Sie in unserem Endkunden Onlineshop unter dem Punkt &#8222;Service &amp; Kosten&#8220;. Die Bestellung wird schnellstm\u00f6glich mit Paketdienst oder Spedition zugestellt. Mit der Lieferung erhalten Sie einen Lieferschein sowie die dazugeh\u00f6rige Rechnung mit allen Angaben zu den gelieferten Produkten, Einzelpreisen sowie Rechnungsgesamtbetrag. Eventuell anfallende Nachnahmegeb\u00fchren werden in der Rechnung unter der Rubrik Frachtkosten mit ausgewiesen.<br \/>\n5. Eigentumsvorbehalt<br \/>\nDie gelieferte Ware bleibt bis zur vollst\u00e4ndigen Bezahlung Eigentum des Fachh\u00e4ndlers.<br \/>\n6. Widerrufsrecht<br \/>\nSie haben das Recht, binnen vierzehn Tagen ohne Angabe von Gr\u00fcnden diesen Vertrag zu widerrufen. Die Widerrufsfrist betr\u00e4gt vierzehn Tage ab dem Tag, an dem Sie oder ein von Ihnen benannter Dritter, der nicht Bef\u00f6rderer ist, die letzte Ware in Besitz genommen haben bzw. hat. Um Ihr Widerrufsrecht auszu\u00fcben, m\u00fcssen Sie uns [F\u00fcgen Sie Ihren Namen, Ihre Anschrift, Ihre Telefonnummer, Telefaxnummer und E-Mail-Adresse ein] mittels einer eindeutigen Erkl\u00e4rung (z. B. ein mit der Post versandter Brief, Telefax oder E-Mail) \u00fcber Ihren Entschluss, diesen Vertrag zu widerrufen, informieren. Sie k\u00f6nnen daf\u00fcr das beigef\u00fcgte Muster-Widerrufsformular verwenden, das jedoch nicht vorgeschrieben ist. Zur Wahrung der Widerrufsfrist reicht es aus, dass Sie die Mitteilung \u00fcber die Aus\u00fcbung des Widerrufsrechts vor Ablauf der Widerrufsfrist absenden.<br \/>\n7. Widerrufsfolgen<br \/>\nWenn Sie diesen Vertrag widerrufen, haben wir Ihnen die Zahlungen, die wir von Ihnen erhalten haben, (mit Ausnahme der zus\u00e4tzlichen Kosten, wie Versandkosten und die sich daraus ergeben, dass Sie eine andere Art der Lieferung als die von uns angebotene, g\u00fcnstigste Standardlieferung gew\u00e4hlt haben), unverz\u00fcglich und sp\u00e4testens binnen vierzehn Tagen ab dem Tag zur\u00fcckzuzahlen, an dem die Mitteilung \u00fcber Ihren Widerruf dieses Vertrags bei uns eingegangen ist. F\u00fcr diese R\u00fcckzahlung verwenden wir dasselbe Zahlungsmittel, das Sie bei der urspr\u00fcnglichen Transaktion eingesetzt haben, es sei denn, mit Ihnen wurde ausdr\u00fccklich etwas anderes vereinbart; in keinem Fall werden Ihnen wegen dieser R\u00fcckzahlung Entgelte berechnet. Wir k\u00f6nnen die R\u00fcckzahlung verweigern, bis wir die Waren wieder zur\u00fcckerhalten haben oder bis Sie den Nachweis erbracht haben, dass Sie die Waren zur\u00fcckgesandt haben, je nachdem, welches der fr\u00fchere Zeitpunkt ist. Sie haben die Waren unverz\u00fcglich und in jedem Fall sp\u00e4testens binnen vierzehn Tagen ab dem Tag, an dem Sie uns \u00fcber den Widerruf dieses Vertrags unterrichten, an uns zur\u00fcckzusenden oder zu \u00fcbergeben. Die Frist ist gewahrt, wenn Sie die Waren vor Ablauf der Frist von vierzehn Tagen absenden. Sie tragen die unmittelbaren Kosten der R\u00fccksendung der Waren. Sie m\u00fcssen f\u00fcr einen etwaigen Wertverlust der Waren nur aufkommen, wenn dieser Wertverlust auf einen zur Pr\u00fcfung der Beschaffenheit, Eigenschaften und Funktionsweise der Waren nicht notwendigen Umgang mit ihnen zur\u00fcckzuf\u00fchren ist.<br \/>\n8. Muster-Widerrufsformular<br \/>\n(Wenn Sie den Vertrag widerrufen wollen, dann f\u00fcllen Sie bitte dieses Formular aus und senden Sie es zur\u00fcck.)<br \/>\nAn: [Name, Anschrift und gegebenenfalls die Telefaxnummer und E-Mail-Adresse des Liefert-es Shop-Betreibers]<br \/>\nHiermit widerrufe ich den von mir abgeschlossenen Vertrag \u00fcber den Kauf der folgenden<br \/>\nWaren:<br \/>\nbestellt am:<br \/>\nerhalten am:<br \/>\nName:<br \/>\nAnschrift:<br \/>\nDatum, Unterschrift<\/p>\n<p>9. Zahlung<br \/>\nDie Zahlung der von Ihnen bestellten Produkte kann per Nachnahme, Kreditkarte, Lastschrifteinzugsverfahren oder \u00dcberweisung erfolgen. Bei Kreditkartenzahlung werden die f\u00e4lligen Betr\u00e4ge erst zum Zeitpunkt der Versendung der von Ihnen bestellten Produkte belastet.<br \/>\n10.Kundendienst\/Reklamationen<br \/>\nBitte wenden Sie sich bei Fragen zu unseren Produkten oder Ihren Bestellungen per E-Mail an unsere Serviceabteilung. Bitte verwenden Sie dazu den entsprechenden Button in unserem Online Shop. Bei Reklamationen stehen wir Ihnen selbstverst\u00e4ndlich gerne zur Verf\u00fcgung. Zum einfachen und schnellen Bearbeitung steht Ihnen dazu ein elektronisches Formular unter dem Button &#8222;Reklamationen&#8220; in unserem Online Shop zur Verf\u00fcgung. Wir werden Ihre Fragen und Reklamationen nach Eingang umgehend bearbeiten und sicherlich eine f\u00fcr Sie zufriedenstellende L\u00f6sung finden.<br \/>\n11. Gew\u00e4hrleistung<br \/>\nEs gelten die gesetzlichen Gew\u00e4hrleistungsrechte.<br \/>\n12. Schlussbestimmungen<br \/>\nEs gilt deutsches Recht.<\/p>\n","protected":false},"excerpt":{"rendered":"<p>entsprechend den AGB&#8217;s: AGB Nachfolgend finden Sie die Allgemeinen Gesch\u00e4ftsbedingungen f\u00fcr private Endkunden und f\u00fcr gewerbliche Endkunden von concepcion SEIDEL OHG Friedrichsgr\u00fcner Str. 83 08262 Muldenhammer Tel 037465 444-0, Fax -25 info@concepcion.de in den nachfolgenden Ausf\u00fchrungen als Fachh\u00e4ndler bezeichnet. Gesch\u00e4ftsf\u00fchrende Gesellschafter: Frieder Seidel, Carmen Seidel Amtsgericht Chemnitz, HRA 904 Steuernr. 223\/152\/15300, USt.ID-nr. DE 218656440 Stand: 13.M\u00e4rz 2024 ALLGEMEINE GESCH\u00c4FTSBEDINGUNGEN S\u00e4mtliche Lieferungen und Leistungen erfolgen ausschlie\u00dflich auf Basis nachfolgender Gesch\u00e4ftsbedingungen: 1. Zustandekommen des Kaufvertrages Der Kaufvertrag kommt mit der \u00dcbersendung des Bestellprotokolls, welches Ihnen unmittelbar nach Eingang Ihrer Bestellung per E-Mail zugesandt wird, zustande. Die Bestellung wird kundenseitig rechtsverbindlich vorgenommen, wenn am Ende des Bestellvorganges in unserem Endkunden Onlineshop die Bestellung an den Fachh\u00e4ndler versandt wird. Den genauen Versandtermin der von Ihnen bestellten Ware k\u00f6nnen Sie dem, Ihnen per E-Mail zugesandten, Bestellprotokoll entnehmen. Vertragspartner des Kunden ist das Unternehmen des oben n\u00e4her bezeichneten Fachh\u00e4ndlers. 2. Datenschutz Der Schutz Ihrer personenbezogenen Daten bei der Erhebung, Verarbeitung und Nutzung anl\u00e4sslich Ihres Besuches auf unserer Homepage ist uns ein wichtiges Anliegen. Ihre Daten werden im Rahmen der gesetzlichen Vorschriften gesch\u00fctzt. Nachfolgend finden Sie Informationen, welche Daten w\u00e4hrend Ihres Besuchs auf der Homepage und gegebenenfalls zus\u00e4tzlich im Rahmen des Bestellvorganges erfa\u00dft und wie diese genutzt werden: 2.1. Erhebung und Verarbeitung von Daten Jeder Zugriff auf unsere Homepage und jeder Abruf einer auf der Homepage hinterlegten Datei werden protokolliert. Die Speicherung dient systembezogenen und statistischen Zwecken. Protokolliert werden der Name der abgerufenen Datei, Datum und Uhrzeit des Abrufs, \u00fcbertragene Datenmenge, Meldung \u00fcber erfolgreichen Abruf, Webbrowser und anfragende Domain. Zus\u00e4tzlich werden die IP Adressen der anfragenden Rechner protokolliert. Weitergehende personenbezogene Daten werden nur erfasst, wenn die Angaben von Ihnen freiwillig im Rahmen einer Registrierung, Anfrage oder Bestellung angegeben werden. 2.2. Nutzung und Weitergabe personenbezogener Daten Soweit Sie uns personenbezogene Daten zur Verf\u00fcgung gestellt haben, verwenden wir diese nur zur Beantwortung Ihrer Anfragen, zur Abwicklung mit Ihnen geschlossener Vertr\u00e4ge, f\u00fcr die technische Administration und zur Pflege der Kundenbeziehung. Eine Weitergabe der personenbezogenen Daten an Dritte erfolgt nicht. Ausgenommen hiervon sind Dienstleistungspartner, die zur Bestellabwicklung die \u00dcbermittlung von Daten ben\u00f6tigen wie z. B. das mit der Lieferung beauftragte Distributionsunternehmen und das mit der Zahlungsabwicklung beauftragte Kreditinstitut. In diesen F\u00e4llen besch\u00e4rnkt sich der Umfang der \u00fcbermittelten Daten auf das erforderliche Minimum. Die L\u00f6schung der gespeicherten personenbezogenen Daten erfolgt, wenn Sie Ihre Einwilligung zur Speicherung widerrufen oder wenn ihre Speicherung aus sonstigen gesetzlichen Gr\u00fcnden unzul\u00e4ssig ist. 2.3. Einsatz von Cookies Cookies sind alphanumerische Identifikationszeichen, die wir mittels Ihres Webbrowsers auf die Festplatte Ihres Computers \u00fcbermitteln. Sie erm\u00f6glichen unserem System, Ihren Browser zu erkennen und Ihnen damit erweiterte Leistungsmerkmale unseres Internet Shops zukommen zu lassen. Die Hilfefunktion in der Men\u00fcleiste der meisten Webbrowser erkl\u00e4rt Ihnen, wie Sie Cookies zulassen oder ablehnen k\u00f6nnen. Wir empfehlen Ihnen, die Cookie-Funktion eingeschaltet zu lassen, um alle Leistungsmerkmale unseres Internet Shops uneingeschr\u00e4nkt nutzen zu k\u00f6nnen. Cookies richten auf Ihrem Rechner keinen Schaden an und enthalten keine Viren. 2.4. Auskunftsrecht Auf schriftliche Anfrage werden wir Sie jederzeit gern \u00fcber die zu Ihrer Person gespeicherten Daten informieren. 3. Preise S\u00e4mtliche Preise und Kostenangaben verstehen sich inklusive der gesetzlichen Mehrwertsteuer und sind freibleibend. Sie erhalten eine Rechnung mit ausgewiesener Mehrwertsteuer. 4. Lieferung Die Lieferung erfolgt grunds\u00e4tzlich zuz\u00fcglich Versandkosten und gegebenenfalls Nachnahmegeb\u00fchr ab Lager. Die genaue H\u00f6he der Versandkosten und der Nachnahmegeb\u00fchr ersehen Sie in unserem Endkunden Onlineshop unter dem Punkt &#8222;Service &amp; Kosten&#8220;. Die Bestellung wird schnellstm\u00f6glich mit Paketdienst oder Spedition zugestellt. Mit der Lieferung erhalten Sie einen Lieferschein sowie die dazugeh\u00f6rige Rechnung mit allen Angaben zu den gelieferten Produkten, Einzelpreisen sowie Rechnungsgesamtbetrag. Eventuell anfallende Nachnahmegeb\u00fchren werden in der Rechnung unter der Rubrik Frachtkosten mit ausgewiesen. 5. Eigentumsvorbehalt Die gelieferte Ware bleibt bis zur vollst\u00e4ndigen Bezahlung Eigentum des Fachh\u00e4ndlers. 6. Widerrufsrecht Sie haben das Recht, binnen vierzehn Tagen ohne Angabe von Gr\u00fcnden diesen Vertrag zu widerrufen. Die Widerrufsfrist betr\u00e4gt vierzehn Tage ab dem Tag, an dem Sie oder ein von Ihnen benannter Dritter, der nicht Bef\u00f6rderer ist, die letzte Ware in Besitz genommen haben bzw. hat. Um Ihr Widerrufsrecht auszu\u00fcben, m\u00fcssen Sie uns [F\u00fcgen Sie Ihren Namen, Ihre Anschrift, Ihre Telefonnummer, Telefaxnummer und E-Mail-Adresse ein] mittels einer eindeutigen Erkl\u00e4rung (z. B. ein mit der Post versandter Brief, Telefax oder E-Mail) \u00fcber Ihren Entschluss, diesen Vertrag zu widerrufen, informieren. Sie k\u00f6nnen daf\u00fcr das beigef\u00fcgte Muster-Widerrufsformular verwenden, das jedoch nicht vorgeschrieben ist. Zur Wahrung der Widerrufsfrist reicht es aus, dass Sie die Mitteilung \u00fcber die Aus\u00fcbung des Widerrufsrechts vor Ablauf der Widerrufsfrist absenden. 7. Widerrufsfolgen Wenn Sie diesen Vertrag widerrufen, haben wir Ihnen die Zahlungen, die wir von Ihnen erhalten haben, (mit Ausnahme der zus\u00e4tzlichen Kosten, wie Versandkosten und die sich daraus ergeben, dass Sie eine andere Art der Lieferung als die von uns angebotene, g\u00fcnstigste Standardlieferung gew\u00e4hlt haben), unverz\u00fcglich und sp\u00e4testens binnen vierzehn Tagen ab dem Tag zur\u00fcckzuzahlen, an dem die Mitteilung \u00fcber Ihren Widerruf dieses Vertrags bei uns eingegangen ist. F\u00fcr diese R\u00fcckzahlung verwenden wir dasselbe Zahlungsmittel, das Sie bei der urspr\u00fcnglichen Transaktion eingesetzt haben, es sei denn, mit Ihnen wurde ausdr\u00fccklich etwas anderes vereinbart; in keinem Fall werden Ihnen wegen dieser R\u00fcckzahlung Entgelte berechnet. Wir k\u00f6nnen die R\u00fcckzahlung verweigern, bis wir die Waren wieder zur\u00fcckerhalten haben oder bis Sie den Nachweis erbracht haben, dass Sie die Waren zur\u00fcckgesandt haben, je nachdem, welches der fr\u00fchere Zeitpunkt ist. Sie haben die Waren unverz\u00fcglich und in jedem Fall sp\u00e4testens binnen vierzehn Tagen ab dem Tag, an dem Sie uns \u00fcber den Widerruf dieses Vertrags unterrichten, an uns zur\u00fcckzusenden oder zu \u00fcbergeben. Die Frist ist gewahrt, wenn Sie die Waren vor Ablauf der Frist von vierzehn Tagen absenden. Sie tragen die unmittelbaren Kosten der R\u00fccksendung der Waren. Sie m\u00fcssen f\u00fcr einen etwaigen Wertverlust der Waren nur aufkommen, wenn dieser Wertverlust auf einen zur Pr\u00fcfung der Beschaffenheit, Eigenschaften und Funktionsweise der Waren nicht notwendigen Umgang mit ihnen zur\u00fcckzuf\u00fchren ist. 8. Muster-Widerrufsformular (Wenn Sie den Vertrag widerrufen wollen, dann f\u00fcllen Sie bitte dieses Formular aus und senden Sie es zur\u00fcck.) An: [Name, Anschrift und gegebenenfalls die Telefaxnummer und E-Mail-Adresse des Liefert-es Shop-Betreibers] Hiermit widerrufe ich den von mir abgeschlossenen Vertrag \u00fcber den Kauf der folgenden Waren: bestellt am: erhalten am: Name: Anschrift: Datum, Unterschrift 9. Zahlung Die Zahlung der von Ihnen bestellten Produkte kann per Nachnahme, Kreditkarte, Lastschrifteinzugsverfahren oder \u00dcberweisung erfolgen. Bei Kreditkartenzahlung werden die f\u00e4lligen Betr\u00e4ge erst zum Zeitpunkt der Versendung der von Ihnen bestellten Produkte belastet. 10.Kundendienst\/Reklamationen Bitte wenden Sie sich bei Fragen zu unseren Produkten oder Ihren Bestellungen per E-Mail an unsere Serviceabteilung. Bitte verwenden Sie dazu den entsprechenden Button in unserem Online Shop. Bei Reklamationen stehen wir Ihnen selbstverst\u00e4ndlich gerne zur Verf\u00fcgung. Zum einfachen und schnellen Bearbeitung steht Ihnen dazu ein elektronisches Formular unter dem Button &#8222;Reklamationen&#8220; in unserem Online Shop zur Verf\u00fcgung. Wir werden Ihre Fragen und Reklamationen nach Eingang umgehend bearbeiten und sicherlich eine f\u00fcr Sie zufriedenstellende L\u00f6sung finden. 11. Gew\u00e4hrleistung Es gelten die gesetzlichen Gew\u00e4hrleistungsrechte. 12. Schlussbestimmungen Es gilt deutsches Recht.<\/p>\n","protected":false},"author":1,"featured_media":0,"parent":0,"menu_order":0,"comment_status":"closed","ping_status":"closed","template":"","meta":{"footnotes":""},"class_list":["post-5734","page","type-page","status-publish","hentry"],"acf":[],"_links":{"self":[{"href":"https:\/\/entwurf.concepcion.de\/index.php\/wp-json\/wp\/v2\/pages\/5734","targetHints":{"allow":["GET"]}}],"collection":[{"href":"https:\/\/entwurf.concepcion.de\/index.php\/wp-json\/wp\/v2\/pages"}],"about":[{"href":"https:\/\/entwurf.concepcion.de\/index.php\/wp-json\/wp\/v2\/types\/page"}],"author":[{"embeddable":true,"href":"https:\/\/entwurf.concepcion.de\/index.php\/wp-json\/wp\/v2\/users\/1"}],"replies":[{"embeddable":true,"href":"https:\/\/entwurf.concepcion.de\/index.php\/wp-json\/wp\/v2\/comments?post=5734"}],"version-history":[{"count":2,"href":"https:\/\/entwurf.concepcion.de\/index.php\/wp-json\/wp\/v2\/pages\/5734\/revisions"}],"predecessor-version":[{"id":6081,"href":"https:\/\/entwurf.concepcion.de\/index.php\/wp-json\/wp\/v2\/pages\/5734\/revisions\/6081"}],"wp:attachment":[{"href":"https:\/\/entwurf.concepcion.de\/index.php\/wp-json\/wp\/v2\/media?parent=5734"}],"curies":[{"name":"wp","href":"https:\/\/api.w.org\/{rel}","templated":true}]}}