{"id":5730,"date":"2024-03-26T11:13:36","date_gmt":"2024-03-26T11:13:36","guid":{"rendered":"https:\/\/entwurf.concepcion.de\/index.php\/datenschutzerklaerung\/"},"modified":"2024-04-20T17:40:44","modified_gmt":"2024-04-20T17:40:44","slug":"datenschutzerklaerung","status":"publish","type":"page","link":"https:\/\/entwurf.concepcion.de\/index.php\/datenschutzerklaerung\/","title":{"rendered":"Datenschutzerkl\u00e4rung"},"content":{"rendered":"\t\t<div data-elementor-type=\"wp-page\" data-elementor-id=\"5730\" class=\"elementor elementor-5730\" data-elementor-post-type=\"page\">\n\t\t\t\t\t\t<section class=\"elementor-section elementor-top-section elementor-element elementor-element-4a666760 elementor-section-boxed elementor-section-height-default elementor-section-height-default\" data-id=\"4a666760\" data-element_type=\"section\">\n\t\t\t\t\t\t<div class=\"elementor-container elementor-column-gap-default\">\n\t\t\t\t\t<div class=\"elementor-column elementor-col-100 elementor-top-column elementor-element elementor-element-16f9bfac\" data-id=\"16f9bfac\" data-element_type=\"column\">\n\t\t\t<div class=\"elementor-widget-wrap elementor-element-populated\">\n\t\t\t\t\t\t<div class=\"elementor-element elementor-element-5182697e elementor-widget elementor-widget-text-editor\" data-id=\"5182697e\" data-element_type=\"widget\" data-widget_type=\"text-editor.default\">\n\t\t\t\t<div class=\"elementor-widget-container\">\n\t\t\t\t\t\t\t\t\t<h3><span style=\"color: var( --e-global-color-text ); font-family: var( --e-global-typography-text-font-family ), Sans-serif; font-weight: var( --e-global-typography-text-font-weight ); font-size: 15px; letter-spacing: 0px;\">Der Schutz Ihrer personenbezogenen Daten bei der Erhebung, Verarbeitung und Nutzung anl\u00e4sslich Ihres Besuches auf unserer Homepage ist uns ein wichtiges Anliegen. Ihre Daten werden im Rahmen der gesetzlichen Vorschriften gesch\u00fctzt. Nachfolgend finden Sie Informationen, welche Daten w\u00e4hrend Ihres Besuchs auf der Homepage und gegebenenfalls zus\u00e4tzlich im Rahmen des Bestellvorganges erfa\u00dft und wie diese genutzt werden:<\/span><br><\/h3>\n<p><b>Erhebung und Verarbeitung von Daten<\/b><br>Jeder Zugriff auf unsere Homepage und jeder Abruf einer auf der Homepage hinterlegten Datei werden protokolliert. Die Speicherung dient systembezogenen und statistischen Zwecken. Protokolliert werden der Name der abgerufenen Datei, Datum und Uhrzeit des Abrufs, \u00fcbertragene Datenmenge, Meldung \u00fcber erfolgreichen Abruf, Webbrowser und anfragende Domain. Zus\u00e4tzlich werden die IP Adressen der anfragenden Rechner protokolliert. Weitergehende personenbezogene Daten werden nur erfasst, wenn die Angaben von Ihnen freiwillig im Rahmen einer Registrierung, Anfrage oder Bestellung angegeben werden. Zum Zwecke der Auftragsbearbeitung werden Name und Vorname des personenbezogenen Bestellers gespeichert.Bei Nutzung des Newsletters speichern wir lediglich die E-Mailadresse des Empf\u00e4ngers, die unter Umst\u00e4nden ein personenbezogenes Datum sein kann.<\/p>\n<p><b>Nutzung und Weitergabe personenbezogener Daten<\/b><br>Soweit Sie uns personenbezogene Daten zur Verf\u00fcgung gestellt haben, verwenden wir diese nur zur Beantwortung Ihrer Anfragen, zur Abwicklung mit Ihnen geschlossener Vertr\u00e4ge, f\u00fcr die technische Administration und zur Pflege der Kundenbeziehung. Eine Weitergabe der personenbezogenen Daten an Dritte erfolgt nicht. Ausgenommen hiervon sind Dienstleistungspartner, die zur Bestellabwicklung die \u00dcbermittlung von Daten ben\u00f6tigen wie z. B. das mit der Lieferung beauftragte Distributionsunternehmen und das mit der Zahlungsabwicklung beauftragte Kreditinstitut. In diesen F\u00e4llen beschr\u00e4nkt sich der Umfang der \u00fcbermittelten Daten auf das erforderliche Minimum. In keinem Fall werden Daten im Sinne einer Auftragsdatenverarbeitung an einen weisungsgebundenen Auftragnehmer weitergegeben.<\/p>\n<p><b>Einsatz von Cookies<\/b><br>Cookies sind alphanumerische Identifikationszeichen, die wir mittels Ihres Webbrowsers auf die Festplatte Ihres Computers \u00fcbermitteln. Sie erm\u00f6glichen unserem System, Ihren Browser zu erkennen und Ihnen damit erweiterte Leistungsmerkmale unseres Internet Shops zukommen zu lassen. Die Hilfefunktion in der Men\u00fcleiste der meisten Webbrowser erkl\u00e4rt Ihnen, wie Sie Cookies zulassen oder ablehnen k\u00f6nnen. Wir empfehlen Ihnen, die Cookie-Funktion eingeschaltet zu lassen, um alle Leistungsmerkmale unseres Internet Shops uneingeschr\u00e4nkt nutzen zu k\u00f6nnen. Cookies richten auf Ihrem Rechner keinen Schaden an und enthalten keine Viren.<\/p>\n<p><b>Auskunftsrecht<\/b><br>Auf schriftliche Anfrage werden wir Sie jederzeit gern \u00fcber die zu Ihrer Person gespeicherten Daten informieren.<\/p>\n<p><b>L\u00f6schung und Widerruf personenbezogener Daten<\/b><br>Die L\u00f6schung der gespeicherten, personenbezogenen Daten erfolgt, unmittelbar und unentgeltlich, wenn Sie Ihre Einwilligung zur Speicherung schriftlich widerrufen oder wenn Ihre Speicherung aus sonstigen gesetzlichen Gr\u00fcnden unzul\u00e4ssig ist.<br>Wir weisen darauf hin, dass Ihnen ein Recht auf L\u00f6schung\/Berichtigung falscher oder personenbezogener Daten zusteht, sollte diesem Anspruch keine gesetzliche Aufbewahrungsfrist entgegenstehen. Rechtsgrundlage sind die zivil- und steuerrechtlichen Vorschriften aus dem Handelsgesetzbuch, der Abgabenordnung, dem Bundesdatenschutzgesetz und anderen gesetzlichen Regelungen. Die Dauer der Speicherung personenbezogener Daten, richtet sich nach den gesetzlichen Vorschriften f\u00fcr Aufbewahrungsfristen.<\/p>\t\t\t\t\t\t\t\t<\/div>\n\t\t\t\t<\/div>\n\t\t\t\t<div class=\"elementor-element elementor-element-03b0197 elementor-widget-divider--view-line elementor-widget elementor-widget-divider\" data-id=\"03b0197\" data-element_type=\"widget\" data-widget_type=\"divider.default\">\n\t\t\t\t<div class=\"elementor-widget-container\">\n\t\t\t\t\t\t\t<div class=\"elementor-divider\">\n\t\t\t<span class=\"elementor-divider-separator\">\n\t\t\t\t\t\t<\/span>\n\t\t<\/div>\n\t\t\t\t\t\t<\/div>\n\t\t\t\t<\/div>\n\t\t\t\t\t<\/div>\n\t\t<\/div>\n\t\t\t\t\t<\/div>\n\t\t<\/section>\n\t\t\t\t<section class=\"elementor-section elementor-top-section elementor-element elementor-element-6143940 elementor-section-boxed elementor-section-height-default elementor-section-height-default\" data-id=\"6143940\" data-element_type=\"section\">\n\t\t\t\t\t\t<div class=\"elementor-container elementor-column-gap-default\">\n\t\t\t\t\t<div class=\"elementor-column elementor-col-100 elementor-top-column elementor-element elementor-element-1343a81\" data-id=\"1343a81\" data-element_type=\"column\">\n\t\t\t<div class=\"elementor-widget-wrap elementor-element-populated\">\n\t\t\t\t\t\t<div class=\"elementor-element elementor-element-02f7f74 elementor-widget elementor-widget-text-editor\" data-id=\"02f7f74\" data-element_type=\"widget\" data-widget_type=\"text-editor.default\">\n\t\t\t\t<div class=\"elementor-widget-container\">\n\t\t\t\t\t\t\t\t\t<p>Gesetzliche Informationen f\u00fcr private Endkunden von:<br \/><b>concepcion SEIDEL OHG<\/b><br \/>Friedrichsgr\u00fcner Str. 83<br \/>Tel.: 037465 444-0, Fax: 037465 444-22, info@concepcion.de<br \/><br \/>in den nachfolgenden Ausf\u00fchrungen als Fachh\u00e4ndler bezeichnet.<br \/><br \/>Gesch\u00e4ftsf\u00fchrer: Frieder Seidel, Carmen Seidel<br \/>HRA 904 &#8211; Amtsgericht Chemnitz<br \/>Ust.-ID-Nr. DE 218656440<br \/>Steuernr.: 223\/152\/15300<br \/><br \/><br \/><b>1. Widerrufsrecht<\/b><br \/>Sie haben das Recht, binnen vierzehn Tagen ohne Angabe von Gr\u00fcnden diesen Vertrag zu widerrufen. Die Widerrufsfrist betr\u00e4gt vierzehn Tage ab dem Tag, an dem Sie oder ein von Ihnen benannter Dritter, der nicht Bef\u00f6rderer ist, die letzte Ware in Besitz genommen haben bzw. hat. Um Ihr Widerrufsrecht auszu\u00fcben, m\u00fcssen Sie uns [F\u00fcgen Sie Ihren Namen, Ihre Anschrift, Ihre Telefonnummer, Telefaxnummer und E-Mail-Adresse ein] mittels einer eindeutigen Erkl\u00e4rung (z. B. ein mit der Post versandter Brief, Telefax oder E-Mail) \u00fcber Ihren Entschluss, diesen Vertrag zu widerrufen, informieren. Sie k\u00f6nnen daf\u00fcr das beigef\u00fcgte Muster-Widerrufsformular verwenden, das jedoch nicht vorgeschrieben ist. Zur Wahrung der Widerrufsfrist reicht es aus, dass Sie die Mitteilung \u00fcber die Aus\u00fcbung des Widerrufsrechts vor Ablauf der Widerrufsfrist absenden.<br \/><br \/><b>2. Folgen des Widerrufs<\/b><br \/>Wenn Sie diesen Vertrag widerrufen, haben wir Ihnen alle Zahlungen, die wir von Ihnen erhalten haben, einschlie\u00dflich der Lieferkosten (mit Ausnahme der zus\u00e4tzlichen Kosten, die sich daraus ergeben, dass Sie eine andere Art der Lieferung als die von uns angebotene, g\u00fcnstigste Standardlieferung gew\u00e4hlt haben), unverz\u00fcglich und sp\u00e4testens binnen vierzehn Tagen ab dem Tag zur\u00fcckzuzahlen, an dem die Mitteilung \u00fcber Ihren Widerruf dieses Vertrags bei uns eingegangen ist. F\u00fcr diese R\u00fcckzahlung verwenden wir dasselbe Zahlungsmittel, das Sie bei der urspr\u00fcnglichen Transaktion eingesetzt haben, es sei denn, mit Ihnen wurde ausdr\u00fccklich etwas anderes vereinbart; in keinem Fall werden Ihnen wegen dieser R\u00fcckzahlung Entgelte berechnet. Wir k\u00f6nnen die R\u00fcckzahlung verweigern, bis wir die Waren wieder zur\u00fcckerhalten haben oder bis Sie den Nachweis erbracht haben, dass Sie die Waren zur\u00fcckgesandt haben, je nachdem, welches der fr\u00fchere Zeitpunkt ist. Sie haben die Waren unverz\u00fcglich und in jedem Fall sp\u00e4testens binnen vierzehn Tagen ab dem Tag, an dem Sie uns \u00fcber den Widerruf dieses Vertrags unterrichten, an uns zur\u00fcckzusenden oder zu \u00fcbergeben. Die Frist ist gewahrt, wenn Sie die Waren vor Ablauf der Frist von vierzehn Tagen absenden. Sie tragen die unmittelbaren Kosten der R\u00fccksendung der Waren. Sie m\u00fcssen f\u00fcr einen etwaigen Wertverlust der Waren nur aufkommen, wenn dieser Wertverlust auf einen zur Pr\u00fcfung der Beschaffenheit, Eigenschaften und Funktionsweise der Waren nicht notwendigen Umgang mit ihnen zur\u00fcckzuf\u00fchren ist.<br \/><br \/><b>3. Muster-Widerrufsformular<\/b><br \/>(Wenn Sie den Vertrag widerrufen wollen, dann f\u00fcllen Sie bitte dieses Formular aus und senden Sie es zur\u00fcck.)<br \/>An: [Name, Anschrift und gegebenenfalls die Telefaxnummer und E-Mail-Adresse des Liefert-es Shop-Betreibers]<br \/>Hiermit widerrufe ich den von mir abgeschlossenen Vertrag \u00fcber den Kauf der folgenden<br \/>Waren:<br \/>bestellt am:<br \/>erhalten am:<br \/>Name:<br \/>Anschrift:<br \/>Datum, Unterschrift<br \/><br \/><b>4. Vertragsschlu\u00df und Identit\u00e4t des Unternehmens<\/b><br \/>Der Kaufvertrag kommt mit der \u00dcbersendung des Bestellprotokolls, welches Ihnen unmittelbar nach Eingang Ihrer Bestellung per E-Mail zugesandt wird, zustande. Die Bestellung wird kundenseitig rechtsverbindlich vorgenommen, wenn am Ende des Bestellvorganges in unserem Endkunden Onlineshop die Bestellung an den Fachh\u00e4ndler versandt wird. Den genauen Versandtermin der von Ihnen bestellten Ware k\u00f6nnen Sie dem, Ihnen per E-Mail zugesandten, Bestellprotokoll entnehmen.<br \/>Vertragspartner des Kunden ist das Unternehmen des oben n\u00e4her bezeichneten Fachh\u00e4ndlers.<br \/><br \/><b>5. Batterieverordnung<\/b><br \/>Im Zusammenhang mit dem Vertrieb von Batterien oder Akkus oder mit der Lieferung von Ger\u00e4ten, die Batterien oder Akkus enthalten, sind wir verpflichtet, Sie gem\u00e4\u00df der Batterieverordnung auf Folgendes hinzuweisen: Batterien d\u00fcrfen nicht in den Hausm\u00fcll gegeben werden. Sie sind zur R\u00fcckgabe gebrauchter Batterien als Endverbraucher gesetzlich verpflichtet. Sie k\u00f6nnen Batterien nach Gebrauch in der Verkaufsstelle oder in deren unmittelbarer N\u00e4he (z. B. in kommunalen Sammelstellen oder im Handel) unentgeltlich zur\u00fcckgeben. Sie k\u00f6nnen Batterien nach vorheriger Absprache auch an uns zur\u00fccksenden. Batterien oder Akkus, die Schadstoffe enthalten, sind mit dem Symbol einer durchkreuzten M\u00fclltonne gekennzeichnet. In der N\u00e4he des M\u00fclltonnensymbols befindet sich die chemische Bezeichnung des Schadstoffes. Cd steht f\u00fcr Cadmium, Pb f\u00fcr Blei und Hg f\u00fcr Quecksilber.<br \/><br \/><b>6. Speicherung des Vertragstextes<\/b><br \/>Wir speichern Ihre Bestellung und die Ihrerseits eingegebenen Bestelldaten. Unmittelbar nach Eingang Ihrer Bestellung erhalten Sie per E-Mail ein Bestellprotokoll mit allen, von Ihnen eingegebenen, Daten, erweitert um weitere, f\u00fcr Sie als Besteller wichtige Informationen. Sie k\u00f6nnen das Bestellprotokoll, falls gew\u00fcnscht, ausdrucken oder in Ihrem EDV-System f\u00fcr Ihre Zwecke abspeichern.<br \/><br \/><b>7. Gewerbliche Endkunden<\/b><br \/>F\u00fcr unsere gewerblichen Endkunden gelten unsere Allgemeinen Gesch\u00e4ftsbedingungen f\u00fcr gewerbliche Endkunden.<br \/><br \/><i>Ver. 1.10 Stand 17.05.2018<\/i><\/p>\t\t\t\t\t\t\t\t<\/div>\n\t\t\t\t<\/div>\n\t\t\t\t\t<\/div>\n\t\t<\/div>\n\t\t\t\t\t<\/div>\n\t\t<\/section>\n\t\t\t\t<\/div>\n\t\t","protected":false},"excerpt":{"rendered":"<p>Der Schutz Ihrer personenbezogenen Daten bei der Erhebung, Verarbeitung und Nutzung anl\u00e4sslich Ihres Besuches auf unserer Homepage ist uns ein wichtiges Anliegen. Ihre Daten werden im Rahmen der gesetzlichen Vorschriften gesch\u00fctzt. Nachfolgend finden Sie Informationen, welche Daten w\u00e4hrend Ihres Besuchs auf der Homepage und gegebenenfalls zus\u00e4tzlich im Rahmen des Bestellvorganges erfa\u00dft und wie diese genutzt werden: Erhebung und Verarbeitung von DatenJeder Zugriff auf unsere Homepage und jeder Abruf einer auf der Homepage hinterlegten Datei werden protokolliert. Die Speicherung dient systembezogenen und statistischen Zwecken. Protokolliert werden der Name der abgerufenen Datei, Datum und Uhrzeit des Abrufs, \u00fcbertragene Datenmenge, Meldung \u00fcber erfolgreichen Abruf, Webbrowser und anfragende Domain. Zus\u00e4tzlich werden die IP Adressen der anfragenden Rechner protokolliert. Weitergehende personenbezogene Daten werden nur erfasst, wenn die Angaben von Ihnen freiwillig im Rahmen einer Registrierung, Anfrage oder Bestellung angegeben werden. Zum Zwecke der Auftragsbearbeitung werden Name und Vorname des personenbezogenen Bestellers gespeichert.Bei Nutzung des Newsletters speichern wir lediglich die E-Mailadresse des Empf\u00e4ngers, die unter Umst\u00e4nden ein personenbezogenes Datum sein kann. Nutzung und Weitergabe personenbezogener DatenSoweit Sie uns personenbezogene Daten zur Verf\u00fcgung gestellt haben, verwenden wir diese nur zur Beantwortung Ihrer Anfragen, zur Abwicklung mit Ihnen geschlossener Vertr\u00e4ge, f\u00fcr die technische Administration und zur Pflege der Kundenbeziehung. Eine Weitergabe der personenbezogenen Daten an Dritte erfolgt nicht. Ausgenommen hiervon sind Dienstleistungspartner, die zur Bestellabwicklung die \u00dcbermittlung von Daten ben\u00f6tigen wie z. B. das mit der Lieferung beauftragte Distributionsunternehmen und das mit der Zahlungsabwicklung beauftragte Kreditinstitut. In diesen F\u00e4llen beschr\u00e4nkt sich der Umfang der \u00fcbermittelten Daten auf das erforderliche Minimum. In keinem Fall werden Daten im Sinne einer Auftragsdatenverarbeitung an einen weisungsgebundenen Auftragnehmer weitergegeben. Einsatz von CookiesCookies sind alphanumerische Identifikationszeichen, die wir mittels Ihres Webbrowsers auf die Festplatte Ihres Computers \u00fcbermitteln. Sie erm\u00f6glichen unserem System, Ihren Browser zu erkennen und Ihnen damit erweiterte Leistungsmerkmale unseres Internet Shops zukommen zu lassen. Die Hilfefunktion in der Men\u00fcleiste der meisten Webbrowser erkl\u00e4rt Ihnen, wie Sie Cookies zulassen oder ablehnen k\u00f6nnen. Wir empfehlen Ihnen, die Cookie-Funktion eingeschaltet zu lassen, um alle Leistungsmerkmale unseres Internet Shops uneingeschr\u00e4nkt nutzen zu k\u00f6nnen. Cookies richten auf Ihrem Rechner keinen Schaden an und enthalten keine Viren. AuskunftsrechtAuf schriftliche Anfrage werden wir Sie jederzeit gern \u00fcber die zu Ihrer Person gespeicherten Daten informieren. L\u00f6schung und Widerruf personenbezogener DatenDie L\u00f6schung der gespeicherten, personenbezogenen Daten erfolgt, unmittelbar und unentgeltlich, wenn Sie Ihre Einwilligung zur Speicherung schriftlich widerrufen oder wenn Ihre Speicherung aus sonstigen gesetzlichen Gr\u00fcnden unzul\u00e4ssig ist.Wir weisen darauf hin, dass Ihnen ein Recht auf L\u00f6schung\/Berichtigung falscher oder personenbezogener Daten zusteht, sollte diesem Anspruch keine gesetzliche Aufbewahrungsfrist entgegenstehen. Rechtsgrundlage sind die zivil- und steuerrechtlichen Vorschriften aus dem Handelsgesetzbuch, der Abgabenordnung, dem Bundesdatenschutzgesetz und anderen gesetzlichen Regelungen. Die Dauer der Speicherung personenbezogener Daten, richtet sich nach den gesetzlichen Vorschriften f\u00fcr Aufbewahrungsfristen. Gesetzliche Informationen f\u00fcr private Endkunden von:concepcion SEIDEL OHGFriedrichsgr\u00fcner Str. 83Tel.: 037465 444-0, Fax: 037465 444-22, info@concepcion.de in den nachfolgenden Ausf\u00fchrungen als Fachh\u00e4ndler bezeichnet. Gesch\u00e4ftsf\u00fchrer: Frieder Seidel, Carmen SeidelHRA 904 &#8211; Amtsgericht ChemnitzUst.-ID-Nr. DE 218656440Steuernr.: 223\/152\/15300 1. WiderrufsrechtSie haben das Recht, binnen vierzehn Tagen ohne Angabe von Gr\u00fcnden diesen Vertrag zu widerrufen. Die Widerrufsfrist betr\u00e4gt vierzehn Tage ab dem Tag, an dem Sie oder ein von Ihnen benannter Dritter, der nicht Bef\u00f6rderer ist, die letzte Ware in Besitz genommen haben bzw. hat. Um Ihr Widerrufsrecht auszu\u00fcben, m\u00fcssen Sie uns [F\u00fcgen Sie Ihren Namen, Ihre Anschrift, Ihre Telefonnummer, Telefaxnummer und E-Mail-Adresse ein] mittels einer eindeutigen Erkl\u00e4rung (z. B. ein mit der Post versandter Brief, Telefax oder E-Mail) \u00fcber Ihren Entschluss, diesen Vertrag zu widerrufen, informieren. Sie k\u00f6nnen daf\u00fcr das beigef\u00fcgte Muster-Widerrufsformular verwenden, das jedoch nicht vorgeschrieben ist. Zur Wahrung der Widerrufsfrist reicht es aus, dass Sie die Mitteilung \u00fcber die Aus\u00fcbung des Widerrufsrechts vor Ablauf der Widerrufsfrist absenden. 2. Folgen des WiderrufsWenn Sie diesen Vertrag widerrufen, haben wir Ihnen alle Zahlungen, die wir von Ihnen erhalten haben, einschlie\u00dflich der Lieferkosten (mit Ausnahme der zus\u00e4tzlichen Kosten, die sich daraus ergeben, dass Sie eine andere Art der Lieferung als die von uns angebotene, g\u00fcnstigste Standardlieferung gew\u00e4hlt haben), unverz\u00fcglich und sp\u00e4testens binnen vierzehn Tagen ab dem Tag zur\u00fcckzuzahlen, an dem die Mitteilung \u00fcber Ihren Widerruf dieses Vertrags bei uns eingegangen ist. F\u00fcr diese R\u00fcckzahlung verwenden wir dasselbe Zahlungsmittel, das Sie bei der urspr\u00fcnglichen Transaktion eingesetzt haben, es sei denn, mit Ihnen wurde ausdr\u00fccklich etwas anderes vereinbart; in keinem Fall werden Ihnen wegen dieser R\u00fcckzahlung Entgelte berechnet. Wir k\u00f6nnen die R\u00fcckzahlung verweigern, bis wir die Waren wieder zur\u00fcckerhalten haben oder bis Sie den Nachweis erbracht haben, dass Sie die Waren zur\u00fcckgesandt haben, je nachdem, welches der fr\u00fchere Zeitpunkt ist. Sie haben die Waren unverz\u00fcglich und in jedem Fall sp\u00e4testens binnen vierzehn Tagen ab dem Tag, an dem Sie uns \u00fcber den Widerruf dieses Vertrags unterrichten, an uns zur\u00fcckzusenden oder zu \u00fcbergeben. Die Frist ist gewahrt, wenn Sie die Waren vor Ablauf der Frist von vierzehn Tagen absenden. Sie tragen die unmittelbaren Kosten der R\u00fccksendung der Waren. Sie m\u00fcssen f\u00fcr einen etwaigen Wertverlust der Waren nur aufkommen, wenn dieser Wertverlust auf einen zur Pr\u00fcfung der Beschaffenheit, Eigenschaften und Funktionsweise der Waren nicht notwendigen Umgang mit ihnen zur\u00fcckzuf\u00fchren ist. 3. Muster-Widerrufsformular(Wenn Sie den Vertrag widerrufen wollen, dann f\u00fcllen Sie bitte dieses Formular aus und senden Sie es zur\u00fcck.)An: [Name, Anschrift und gegebenenfalls die Telefaxnummer und E-Mail-Adresse des Liefert-es Shop-Betreibers]Hiermit widerrufe ich den von mir abgeschlossenen Vertrag \u00fcber den Kauf der folgendenWaren:bestellt am:erhalten am:Name:Anschrift:Datum, Unterschrift 4. Vertragsschlu\u00df und Identit\u00e4t des UnternehmensDer Kaufvertrag kommt mit der \u00dcbersendung des Bestellprotokolls, welches Ihnen unmittelbar nach Eingang Ihrer Bestellung per E-Mail zugesandt wird, zustande. Die Bestellung wird kundenseitig rechtsverbindlich vorgenommen, wenn am Ende des Bestellvorganges in unserem Endkunden Onlineshop die Bestellung an den Fachh\u00e4ndler versandt wird. Den genauen Versandtermin der von Ihnen bestellten Ware k\u00f6nnen Sie dem, Ihnen per E-Mail zugesandten, Bestellprotokoll entnehmen.Vertragspartner des Kunden ist das Unternehmen des oben n\u00e4her bezeichneten Fachh\u00e4ndlers. 5. BatterieverordnungIm Zusammenhang mit dem Vertrieb von Batterien oder Akkus oder mit der Lieferung von Ger\u00e4ten, die Batterien oder Akkus enthalten, sind wir verpflichtet, Sie gem\u00e4\u00df der Batterieverordnung auf Folgendes hinzuweisen: Batterien d\u00fcrfen nicht in den Hausm\u00fcll gegeben werden. Sie sind zur R\u00fcckgabe gebrauchter Batterien als Endverbraucher gesetzlich verpflichtet. Sie k\u00f6nnen Batterien nach Gebrauch in der Verkaufsstelle oder in deren unmittelbarer N\u00e4he (z. B. in kommunalen Sammelstellen oder im Handel) unentgeltlich zur\u00fcckgeben. Sie k\u00f6nnen Batterien nach vorheriger Absprache auch an uns zur\u00fccksenden. Batterien oder Akkus, die Schadstoffe enthalten, sind mit dem Symbol einer durchkreuzten M\u00fclltonne gekennzeichnet. In der N\u00e4he des M\u00fclltonnensymbols befindet sich die chemische Bezeichnung des Schadstoffes. Cd steht f\u00fcr Cadmium, Pb f\u00fcr Blei und Hg f\u00fcr Quecksilber. 6. Speicherung des VertragstextesWir speichern Ihre Bestellung und die Ihrerseits eingegebenen Bestelldaten. Unmittelbar nach Eingang Ihrer Bestellung erhalten Sie per E-Mail ein Bestellprotokoll mit allen, von Ihnen eingegebenen, Daten, erweitert um weitere, f\u00fcr Sie als Besteller wichtige Informationen. Sie k\u00f6nnen das Bestellprotokoll, falls gew\u00fcnscht, ausdrucken oder in Ihrem EDV-System f\u00fcr Ihre Zwecke abspeichern. 7. Gewerbliche EndkundenF\u00fcr unsere gewerblichen Endkunden gelten unsere Allgemeinen Gesch\u00e4ftsbedingungen f\u00fcr gewerbliche Endkunden. Ver. 1.10 Stand 17.05.2018<\/p>\n","protected":false},"author":1,"featured_media":0,"parent":0,"menu_order":0,"comment_status":"closed","ping_status":"closed","template":"","meta":{"footnotes":""},"class_list":["post-5730","page","type-page","status-publish","hentry"],"acf":[],"_links":{"self":[{"href":"https:\/\/entwurf.concepcion.de\/index.php\/wp-json\/wp\/v2\/pages\/5730","targetHints":{"allow":["GET"]}}],"collection":[{"href":"https:\/\/entwurf.concepcion.de\/index.php\/wp-json\/wp\/v2\/pages"}],"about":[{"href":"https:\/\/entwurf.concepcion.de\/index.php\/wp-json\/wp\/v2\/types\/page"}],"author":[{"embeddable":true,"href":"https:\/\/entwurf.concepcion.de\/index.php\/wp-json\/wp\/v2\/users\/1"}],"replies":[{"embeddable":true,"href":"https:\/\/entwurf.concepcion.de\/index.php\/wp-json\/wp\/v2\/comments?post=5730"}],"version-history":[{"count":3,"href":"https:\/\/entwurf.concepcion.de\/index.php\/wp-json\/wp\/v2\/pages\/5730\/revisions"}],"predecessor-version":[{"id":6011,"href":"https:\/\/entwurf.concepcion.de\/index.php\/wp-json\/wp\/v2\/pages\/5730\/revisions\/6011"}],"wp:attachment":[{"href":"https:\/\/entwurf.concepcion.de\/index.php\/wp-json\/wp\/v2\/media?parent=5730"}],"curies":[{"name":"wp","href":"https:\/\/api.w.org\/{rel}","templated":true}]}}