{"id":2094,"date":"2023-10-21T16:20:14","date_gmt":"2023-10-21T16:20:14","guid":{"rendered":"https:\/\/entwurf.concepcion.de\/?page_id=2094"},"modified":"2024-11-18T17:14:19","modified_gmt":"2024-11-18T17:14:19","slug":"startseite","status":"publish","type":"page","link":"https:\/\/entwurf.concepcion.de\/","title":{"rendered":"Startseite"},"content":{"rendered":"\t\t<div data-elementor-type=\"wp-page\" data-elementor-id=\"2094\" class=\"elementor elementor-2094\" data-elementor-post-type=\"page\">\n\t\t\t\t\t\t<section class=\"elementor-section elementor-top-section elementor-element elementor-element-a277ff6 elementor-section-boxed elementor-section-height-default elementor-section-height-default\" data-id=\"a277ff6\" data-element_type=\"section\">\n\t\t\t\t\t\t<div class=\"elementor-container elementor-column-gap-default\">\n\t\t\t\t\t<div class=\"elementor-column elementor-col-100 elementor-top-column elementor-element elementor-element-2b3ab2a\" data-id=\"2b3ab2a\" data-element_type=\"column\">\n\t\t\t<div class=\"elementor-widget-wrap elementor-element-populated\">\n\t\t\t\t\t\t<div class=\"elementor-element elementor-element-efa0030 elementor-widget elementor-widget-text-editor\" data-id=\"efa0030\" data-element_type=\"widget\" data-widget_type=\"text-editor.default\">\n\t\t\t\t<div class=\"elementor-widget-container\">\n\t\t\t\t\t\t\t\t\t<p>Unmittelbar nach der politischen Wende in der DDR gr\u00fcndete Frieder Seidel zun\u00e4chst als Einzelkaufmann die Firma als christliche Versandbuchhandlung. Der rasante gesellschaftliche Wandel in Ostdeutschland f\u00fchrte zu raschen Erweiterungen. \u00dcber Schulbuchhandel, Schul- und Objektausstattungen und nahezu ungebremstes Wachstum kam es schlie\u00dflich zu ver\u00e4nderten Inhalten \u2013 und mit Einstieg der Ehefrau Carmen Seidel zu einer ge\u00e4nderten Struktur als concepcion SEIDEL OHG.<\/p>\n<p>\u00a0<\/p>\n<p><span style=\"color: var( --e-global-color-text ); font-family: var( --e-global-typography-text-font-family ), Sans-serif; font-weight: var( --e-global-typography-text-font-weight ); letter-spacing: 0px;\"><strong>Concepcion<\/strong> (spanisch \u201eEmpf\u00e4ngnis\u201c) pr\u00e4gt unser Firmenprofil, so dass vom empfangenden Gedanken bis zum vollendeten Produkt unserer Leistungen beschrieben sind:<\/span><\/p>\n<ul>\n<li>Herstellung und Vertrieb von Produkten des Verlagswesens und des Buchhandels<\/li>\n<li>Projektierung und Realisierung von Objektausstattungen<\/li>\n<\/ul>\t\t\t\t\t\t\t\t<\/div>\n\t\t\t\t<\/div>\n\t\t\t\t\t<\/div>\n\t\t<\/div>\n\t\t\t\t\t<\/div>\n\t\t<\/section>\n\t\t\t\t<section class=\"elementor-section elementor-top-section elementor-element elementor-element-686f78f0 elementor-section-boxed elementor-section-height-default elementor-section-height-default\" data-id=\"686f78f0\" data-element_type=\"section\">\n\t\t\t\t\t\t<div class=\"elementor-container elementor-column-gap-default\">\n\t\t\t\t\t<div class=\"elementor-column elementor-col-50 elementor-top-column elementor-element elementor-element-275e1f1a\" data-id=\"275e1f1a\" data-element_type=\"column\">\n\t\t\t<div class=\"elementor-widget-wrap elementor-element-populated\">\n\t\t\t\t\t\t<div class=\"elementor-element elementor-element-37bbc198 elementor-widget__width-initial elementor-widget elementor-widget-text-editor\" data-id=\"37bbc198\" data-element_type=\"widget\" data-widget_type=\"text-editor.default\">\n\t\t\t\t<div class=\"elementor-widget-container\">\n\t\t\t\t\t\t\t\t\t<p>Mit eigener Druckerei und dazugeh\u00f6rigem Satzstudio beginnen wir mit Texten, die zu B\u00fcchern werden, und bieten dar\u00fcber hinaus weitere Druck-Dienstleistungen.<\/p>\n<p>Unser Verlagswesen ist urspr\u00fcnglich von christlicher Pr\u00e4gung. Dazu geh\u00f6rt auch das Tochterunternehmen jOTA Publikationen GmbH als theologischer Fachverlag.<\/p>\n<p>Parallel dazu haben wir ein gro\u00dfes Sortiment an regionaler Literatur entwickelt und herausgegeben und mit \u00dcbernahme bestehender Verlage quantitativ ausgebaut.<\/p>\n<p>Mit Schreibwaren- und B\u00fcrobedarf, Bedarf f\u00fcr den Schulanfang und Post-Agenturen sind wir in unserem Stammhaus in Hammerbr\u00fccke und in unseren Filialen breit aufgestellt.<\/p>\n<p>Folgerichtig \u2013 an unserem Namen orientiert \u2013 sind wir nah an unseren Kunden geblieben und haben unseren Aktionsradius erweitert \u2013 mit Objekteinrichtungen, auch f\u00fcr Industrie und gesellschaftliche Tr\u00e4ger.<\/p>\n<p>Mit der \u00dcbernahme eines M\u00f6belwerkes und Fortf\u00fchrung desselben als Hammerbr\u00fccker Objektm\u00f6bel GmbH im Jahr 2010, das mittlerweile unser Sohn f\u00fchrt, wurde unser Profil nahezu vollendet.<\/p>\n<p>Wir sind gern f\u00fcr Sie da \u2013 sprechen Sie uns an<\/p>\n<p>Frieder und Carmen Seidel<\/p>\n<p><!-- \/wp:heading --><\/p>\t\t\t\t\t\t\t\t<\/div>\n\t\t\t\t<\/div>\n\t\t\t\t\t<\/div>\n\t\t<\/div>\n\t\t\t\t<div class=\"elementor-column elementor-col-50 elementor-top-column elementor-element elementor-element-af2f782\" data-id=\"af2f782\" data-element_type=\"column\">\n\t\t\t<div class=\"elementor-widget-wrap elementor-element-populated\">\n\t\t\t\t\t\t<div class=\"elementor-element elementor-element-5743c59 elementor-widget__width-initial elementor-widget elementor-widget-image\" data-id=\"5743c59\" data-element_type=\"widget\" data-widget_type=\"image.default\">\n\t\t\t\t<div class=\"elementor-widget-container\">\n\t\t\t\t\t\t\t\t\t\t\t\t\t\t\t<img fetchpriority=\"high\" decoding=\"async\" width=\"830\" height=\"1024\" src=\"https:\/\/entwurf.concepcion.de\/wp-content\/uploads\/2024\/09\/FS-4-830x1024.jpg\" class=\"attachment-large size-large wp-image-6160\" alt=\"\" srcset=\"https:\/\/entwurf.concepcion.de\/wp-content\/uploads\/2024\/09\/FS-4-830x1024.jpg 830w, https:\/\/entwurf.concepcion.de\/wp-content\/uploads\/2024\/09\/FS-4-243x300.jpg 243w, https:\/\/entwurf.concepcion.de\/wp-content\/uploads\/2024\/09\/FS-4-768x947.jpg 768w, https:\/\/entwurf.concepcion.de\/wp-content\/uploads\/2024\/09\/FS-4-1245x1536.jpg 1245w, https:\/\/entwurf.concepcion.de\/wp-content\/uploads\/2024\/09\/FS-4-1661x2048.jpg 1661w, https:\/\/entwurf.concepcion.de\/wp-content\/uploads\/2024\/09\/FS-4-1600x1973.jpg 1600w, https:\/\/entwurf.concepcion.de\/wp-content\/uploads\/2024\/09\/FS-4-200x247.jpg 200w\" sizes=\"(max-width: 830px) 100vw, 830px\" \/>\t\t\t\t\t\t\t\t\t\t\t\t\t\t\t<\/div>\n\t\t\t\t<\/div>\n\t\t\t\t\t<\/div>\n\t\t<\/div>\n\t\t\t\t\t<\/div>\n\t\t<\/section>\n\t\t\t\t<section class=\"elementor-section elementor-top-section elementor-element elementor-element-6b6d0cd elementor-section-boxed elementor-section-height-default elementor-section-height-default\" data-id=\"6b6d0cd\" data-element_type=\"section\">\n\t\t\t\t\t\t<div class=\"elementor-container elementor-column-gap-default\">\n\t\t\t\t\t<div class=\"elementor-column elementor-col-100 elementor-top-column elementor-element elementor-element-a7d65cc\" data-id=\"a7d65cc\" data-element_type=\"column\">\n\t\t\t<div class=\"elementor-widget-wrap elementor-element-populated\">\n\t\t\t\t\t\t<div class=\"elementor-element elementor-element-1e3bad1 elementor-hidden-tablet elementor-hidden-mobile elementor-widget elementor-widget-image\" data-id=\"1e3bad1\" data-element_type=\"widget\" data-widget_type=\"image.default\">\n\t\t\t\t<div class=\"elementor-widget-container\">\n\t\t\t\t\t\t\t\t\t\t\t\t\t\t\t<img decoding=\"async\" width=\"1536\" height=\"112\" src=\"https:\/\/entwurf.concepcion.de\/wp-content\/uploads\/2024\/11\/banner3-1536x112.png\" class=\"attachment-1536x1536 size-1536x1536 wp-image-6212\" alt=\"\" srcset=\"https:\/\/entwurf.concepcion.de\/wp-content\/uploads\/2024\/11\/banner3-1536x112.png 1536w, https:\/\/entwurf.concepcion.de\/wp-content\/uploads\/2024\/11\/banner3-300x22.png 300w, https:\/\/entwurf.concepcion.de\/wp-content\/uploads\/2024\/11\/banner3-1024x75.png 1024w, https:\/\/entwurf.concepcion.de\/wp-content\/uploads\/2024\/11\/banner3-768x56.png 768w, https:\/\/entwurf.concepcion.de\/wp-content\/uploads\/2024\/11\/banner3-1600x117.png 1600w, https:\/\/entwurf.concepcion.de\/wp-content\/uploads\/2024\/11\/banner3-200x15.png 200w, https:\/\/entwurf.concepcion.de\/wp-content\/uploads\/2024\/11\/banner3.png 1920w\" sizes=\"(max-width: 1536px) 100vw, 1536px\" \/>\t\t\t\t\t\t\t\t\t\t\t\t\t\t\t<\/div>\n\t\t\t\t<\/div>\n\t\t\t\t\t<\/div>\n\t\t<\/div>\n\t\t\t\t\t<\/div>\n\t\t<\/section>\n\t\t\t\t<section class=\"elementor-section elementor-top-section elementor-element elementor-element-4d06596 elementor-section-boxed elementor-section-height-default elementor-section-height-default\" data-id=\"4d06596\" data-element_type=\"section\">\n\t\t\t\t\t\t<div class=\"elementor-container elementor-column-gap-default\">\n\t\t\t\t\t<div class=\"elementor-column elementor-col-100 elementor-top-column elementor-element elementor-element-3a4432f\" data-id=\"3a4432f\" data-element_type=\"column\">\n\t\t\t<div class=\"elementor-widget-wrap elementor-element-populated\">\n\t\t\t\t\t\t<div class=\"elementor-element elementor-element-bad416b elementor-widget-divider--view-line elementor-widget elementor-widget-divider\" data-id=\"bad416b\" data-element_type=\"widget\" data-widget_type=\"divider.default\">\n\t\t\t\t<div class=\"elementor-widget-container\">\n\t\t\t\t\t\t\t<div class=\"elementor-divider\">\n\t\t\t<span class=\"elementor-divider-separator\">\n\t\t\t\t\t\t<\/span>\n\t\t<\/div>\n\t\t\t\t\t\t<\/div>\n\t\t\t\t<\/div>\n\t\t\t\t<div class=\"elementor-element elementor-element-4989790 elementor-widget elementor-widget-heading\" data-id=\"4989790\" data-element_type=\"widget\" data-widget_type=\"heading.default\">\n\t\t\t\t<div class=\"elementor-widget-container\">\n\t\t\t\t\t<h2 class=\"elementor-heading-title elementor-size-default\">Hier finden Sie eine Auswahl an Angeboten aus unserem Onlineshop!<\/h2>\t\t\t\t<\/div>\n\t\t\t\t<\/div>\n\t\t\t\t<div class=\"elementor-element elementor-element-d36418a elementor-grid-5 elementor-grid-tablet-3 elementor-grid-mobile-2 elementor-products-grid elementor-wc-products elementor-widget elementor-widget-woocommerce-products\" data-id=\"d36418a\" data-element_type=\"widget\" data-widget_type=\"woocommerce-products.default\">\n\t\t\t\t<div class=\"elementor-widget-container\">\n\t\t\t\t\t<div class=\"woocommerce columns-5 \"><ul class=\"products elementor-grid columns-5\">\n<li class=\"product type-product post-6068 status-publish first instock product_cat-concepcion-seidel-ohg product_cat-vogtlandverlag has-post-thumbnail taxable shipping-taxable purchasable product-type-simple\">\n\t<a href=\"https:\/\/entwurf.concepcion.de\/index.php\/produkt\/vom-vorsignal-und-seiner-tafel\/\" class=\"woocommerce-LoopProduct-link woocommerce-loop-product__link\"><img decoding=\"async\" width=\"1728\" height=\"2560\" src=\"https:\/\/entwurf.concepcion.de\/wp-content\/uploads\/2024\/04\/9783928828444-scaled.jpg\" class=\"attachment-woocommerce_thumbnail size-woocommerce_thumbnail\" alt=\"Vom Vorsignal und seiner Tafel\" srcset=\"https:\/\/entwurf.concepcion.de\/wp-content\/uploads\/2024\/04\/9783928828444-scaled.jpg 1728w, https:\/\/entwurf.concepcion.de\/wp-content\/uploads\/2024\/04\/9783928828444-203x300.jpg 203w, https:\/\/entwurf.concepcion.de\/wp-content\/uploads\/2024\/04\/9783928828444-691x1024.jpg 691w, https:\/\/entwurf.concepcion.de\/wp-content\/uploads\/2024\/04\/9783928828444-768x1138.jpg 768w, https:\/\/entwurf.concepcion.de\/wp-content\/uploads\/2024\/04\/9783928828444-1037x1536.jpg 1037w, https:\/\/entwurf.concepcion.de\/wp-content\/uploads\/2024\/04\/9783928828444-1383x2048.jpg 1383w, https:\/\/entwurf.concepcion.de\/wp-content\/uploads\/2024\/04\/9783928828444-1600x2370.jpg 1600w, https:\/\/entwurf.concepcion.de\/wp-content\/uploads\/2024\/04\/9783928828444-200x296.jpg 200w\" sizes=\"(max-width: 1728px) 100vw, 1728px\" \/><h2 class=\"woocommerce-loop-product__title\">Vom Vorsignal und seiner Tafel<\/h2>\n\t<span class=\"price\"><span class=\"woocommerce-Price-amount amount\"><bdi>38,90&nbsp;<span class=\"woocommerce-Price-currencySymbol\">&euro;<\/span><\/bdi><\/span><\/span>\n<\/a><a href=\"\/index.php\/wp-json\/wp\/v2\/pages\/2094?add-to-cart=6068\" aria-describedby=\"woocommerce_loop_add_to_cart_link_describedby_6068\" data-quantity=\"1\" class=\"button product_type_simple add_to_cart_button ajax_add_to_cart\" data-product_id=\"6068\" data-product_sku=\"\" aria-label=\"In den Warenkorb legen: \u201eVom Vorsignal und seiner Tafel\u201c\" rel=\"nofollow\" data-success_message=\"\u201eVom Vorsignal und seiner Tafel\u201c wurde deinem Warenkorb hinzugef\u00fcgt\" role=\"button\">In den Warenkorb<\/a>\t<span id=\"woocommerce_loop_add_to_cart_link_describedby_6068\" class=\"screen-reader-text\">\n\t\t\t<\/span>\n<\/li>\n<li class=\"product type-product post-5960 status-publish instock product_cat-concepcion-seidel-ohg product_cat-kinderundjuegendliteratur has-post-thumbnail taxable shipping-taxable purchasable product-type-simple\">\n\t<a href=\"https:\/\/entwurf.concepcion.de\/index.php\/produkt\/kringel-der-regenwurm\/\" class=\"woocommerce-LoopProduct-link woocommerce-loop-product__link\"><img loading=\"lazy\" decoding=\"async\" width=\"1410\" height=\"1347\" src=\"https:\/\/entwurf.concepcion.de\/wp-content\/uploads\/2024\/04\/644260.jpg\" class=\"attachment-woocommerce_thumbnail size-woocommerce_thumbnail\" alt=\"Kringel der Regenwurm\" srcset=\"https:\/\/entwurf.concepcion.de\/wp-content\/uploads\/2024\/04\/644260.jpg 1410w, https:\/\/entwurf.concepcion.de\/wp-content\/uploads\/2024\/04\/644260-300x287.jpg 300w, https:\/\/entwurf.concepcion.de\/wp-content\/uploads\/2024\/04\/644260-1024x978.jpg 1024w, https:\/\/entwurf.concepcion.de\/wp-content\/uploads\/2024\/04\/644260-768x734.jpg 768w, https:\/\/entwurf.concepcion.de\/wp-content\/uploads\/2024\/04\/644260-200x191.jpg 200w\" sizes=\"(max-width: 1410px) 100vw, 1410px\" \/><h2 class=\"woocommerce-loop-product__title\">Kringel der Regenwurm<\/h2>\n\t<span class=\"price\"><span class=\"woocommerce-Price-amount amount\"><bdi>11,95&nbsp;<span class=\"woocommerce-Price-currencySymbol\">&euro;<\/span><\/bdi><\/span><\/span>\n<\/a><a href=\"\/index.php\/wp-json\/wp\/v2\/pages\/2094?add-to-cart=5960\" aria-describedby=\"woocommerce_loop_add_to_cart_link_describedby_5960\" data-quantity=\"1\" class=\"button product_type_simple add_to_cart_button ajax_add_to_cart\" data-product_id=\"5960\" data-product_sku=\"644260\" aria-label=\"In den Warenkorb legen: \u201eKringel der Regenwurm\u201c\" rel=\"nofollow\" data-success_message=\"\u201eKringel der Regenwurm\u201c wurde deinem Warenkorb hinzugef\u00fcgt\" role=\"button\">In den Warenkorb<\/a>\t<span id=\"woocommerce_loop_add_to_cart_link_describedby_5960\" class=\"screen-reader-text\">\n\t\t\t<\/span>\n<\/li>\n<li class=\"product type-product post-5954 status-publish instock product_cat-allgemeines product_cat-concepcion-seidel-ohg has-post-thumbnail taxable shipping-taxable purchasable product-type-simple\">\n\t<a href=\"https:\/\/entwurf.concepcion.de\/index.php\/produkt\/tobias-und-der-rote-teppich\/\" class=\"woocommerce-LoopProduct-link woocommerce-loop-product__link\"><img loading=\"lazy\" decoding=\"async\" width=\"1410\" height=\"2250\" src=\"https:\/\/entwurf.concepcion.de\/wp-content\/uploads\/2024\/04\/644261.jpg\" class=\"attachment-woocommerce_thumbnail size-woocommerce_thumbnail\" alt=\"Tobias und der rote Teppich\" srcset=\"https:\/\/entwurf.concepcion.de\/wp-content\/uploads\/2024\/04\/644261.jpg 1410w, https:\/\/entwurf.concepcion.de\/wp-content\/uploads\/2024\/04\/644261-188x300.jpg 188w, https:\/\/entwurf.concepcion.de\/wp-content\/uploads\/2024\/04\/644261-642x1024.jpg 642w, https:\/\/entwurf.concepcion.de\/wp-content\/uploads\/2024\/04\/644261-768x1226.jpg 768w, https:\/\/entwurf.concepcion.de\/wp-content\/uploads\/2024\/04\/644261-963x1536.jpg 963w, https:\/\/entwurf.concepcion.de\/wp-content\/uploads\/2024\/04\/644261-1283x2048.jpg 1283w, https:\/\/entwurf.concepcion.de\/wp-content\/uploads\/2024\/04\/644261-200x319.jpg 200w\" sizes=\"(max-width: 1410px) 100vw, 1410px\" \/><h2 class=\"woocommerce-loop-product__title\">Tobias und der rote Teppich<\/h2>\n\t<span class=\"price\"><span class=\"woocommerce-Price-amount amount\"><bdi>16,95&nbsp;<span class=\"woocommerce-Price-currencySymbol\">&euro;<\/span><\/bdi><\/span><\/span>\n<\/a><a href=\"\/index.php\/wp-json\/wp\/v2\/pages\/2094?add-to-cart=5954\" aria-describedby=\"woocommerce_loop_add_to_cart_link_describedby_5954\" data-quantity=\"1\" class=\"button product_type_simple add_to_cart_button ajax_add_to_cart\" data-product_id=\"5954\" data-product_sku=\"644261\" aria-label=\"In den Warenkorb legen: \u201eTobias und der rote Teppich\u201c\" rel=\"nofollow\" data-success_message=\"\u201eTobias und der rote Teppich\u201c wurde deinem Warenkorb hinzugef\u00fcgt\" role=\"button\">In den Warenkorb<\/a>\t<span id=\"woocommerce_loop_add_to_cart_link_describedby_5954\" class=\"screen-reader-text\">\n\t\t\t<\/span>\n<\/li>\n<li class=\"product type-product post-5948 status-publish instock product_cat-allgemeines has-post-thumbnail taxable shipping-taxable purchasable product-type-simple\">\n\t<a href=\"https:\/\/entwurf.concepcion.de\/index.php\/produkt\/naturschoenheiten-und-ihre-geheimnisse\/\" class=\"woocommerce-LoopProduct-link woocommerce-loop-product__link\"><img loading=\"lazy\" decoding=\"async\" width=\"1410\" height=\"2250\" src=\"https:\/\/entwurf.concepcion.de\/wp-content\/uploads\/2024\/04\/644262.jpg\" class=\"attachment-woocommerce_thumbnail size-woocommerce_thumbnail\" alt=\"Natursch?nheiten und ihre Geheimnisse\" srcset=\"https:\/\/entwurf.concepcion.de\/wp-content\/uploads\/2024\/04\/644262.jpg 1410w, https:\/\/entwurf.concepcion.de\/wp-content\/uploads\/2024\/04\/644262-188x300.jpg 188w, https:\/\/entwurf.concepcion.de\/wp-content\/uploads\/2024\/04\/644262-642x1024.jpg 642w, https:\/\/entwurf.concepcion.de\/wp-content\/uploads\/2024\/04\/644262-768x1226.jpg 768w, https:\/\/entwurf.concepcion.de\/wp-content\/uploads\/2024\/04\/644262-963x1536.jpg 963w, https:\/\/entwurf.concepcion.de\/wp-content\/uploads\/2024\/04\/644262-1283x2048.jpg 1283w, https:\/\/entwurf.concepcion.de\/wp-content\/uploads\/2024\/04\/644262-200x319.jpg 200w\" sizes=\"(max-width: 1410px) 100vw, 1410px\" \/><h2 class=\"woocommerce-loop-product__title\">Natursch?nheiten und ihre Geheimnisse<\/h2>\n\t<span class=\"price\"><span class=\"woocommerce-Price-amount amount\"><bdi>19,95&nbsp;<span class=\"woocommerce-Price-currencySymbol\">&euro;<\/span><\/bdi><\/span><\/span>\n<\/a><a href=\"\/index.php\/wp-json\/wp\/v2\/pages\/2094?add-to-cart=5948\" aria-describedby=\"woocommerce_loop_add_to_cart_link_describedby_5948\" data-quantity=\"1\" class=\"button product_type_simple add_to_cart_button ajax_add_to_cart\" data-product_id=\"5948\" data-product_sku=\"644262\" aria-label=\"In den Warenkorb legen: \u201eNatursch?nheiten und ihre Geheimnisse\u201c\" rel=\"nofollow\" data-success_message=\"\u201eNatursch?nheiten und ihre Geheimnisse\u201c wurde deinem Warenkorb hinzugef\u00fcgt\" role=\"button\">In den Warenkorb<\/a>\t<span id=\"woocommerce_loop_add_to_cart_link_describedby_5948\" class=\"screen-reader-text\">\n\t\t\t<\/span>\n<\/li>\n<li class=\"product type-product post-5946 status-publish last instock product_cat-lehrmittel has-post-thumbnail taxable shipping-taxable purchasable product-type-simple\">\n\t<a href=\"https:\/\/entwurf.concepcion.de\/index.php\/produkt\/elektrobaukasten-1-einfache-grundlagen\/\" class=\"woocommerce-LoopProduct-link woocommerce-loop-product__link\"><img loading=\"lazy\" decoding=\"async\" width=\"1055\" height=\"704\" src=\"https:\/\/entwurf.concepcion.de\/wp-content\/uploads\/2024\/04\/A9RE3D.jpg\" class=\"attachment-woocommerce_thumbnail size-woocommerce_thumbnail\" alt=\"Elektrobaukasten 1 | einfache Grundlagen\" srcset=\"https:\/\/entwurf.concepcion.de\/wp-content\/uploads\/2024\/04\/A9RE3D.jpg 1055w, https:\/\/entwurf.concepcion.de\/wp-content\/uploads\/2024\/04\/A9RE3D-300x200.jpg 300w, https:\/\/entwurf.concepcion.de\/wp-content\/uploads\/2024\/04\/A9RE3D-1024x683.jpg 1024w, https:\/\/entwurf.concepcion.de\/wp-content\/uploads\/2024\/04\/A9RE3D-768x512.jpg 768w, https:\/\/entwurf.concepcion.de\/wp-content\/uploads\/2024\/04\/A9RE3D-200x133.jpg 200w\" sizes=\"(max-width: 1055px) 100vw, 1055px\" \/><h2 class=\"woocommerce-loop-product__title\">Elektrobaukasten 1 | einfache Grundlagen<\/h2>\n\t<span class=\"price\"><span class=\"woocommerce-Price-amount amount\"><bdi>99,95&nbsp;<span class=\"woocommerce-Price-currencySymbol\">&euro;<\/span><\/bdi><\/span><\/span>\n<\/a><a href=\"\/index.php\/wp-json\/wp\/v2\/pages\/2094?add-to-cart=5946\" aria-describedby=\"woocommerce_loop_add_to_cart_link_describedby_5946\" data-quantity=\"1\" class=\"button product_type_simple add_to_cart_button ajax_add_to_cart\" data-product_id=\"5946\" data-product_sku=\"20501211\" aria-label=\"In den Warenkorb legen: \u201eElektrobaukasten 1 | einfache Grundlagen\u201c\" rel=\"nofollow\" data-success_message=\"\u201eElektrobaukasten 1 | einfache Grundlagen\u201c wurde deinem Warenkorb hinzugef\u00fcgt\" role=\"button\">In den Warenkorb<\/a>\t<span id=\"woocommerce_loop_add_to_cart_link_describedby_5946\" class=\"screen-reader-text\">\n\t\t\t<\/span>\n<\/li>\n<\/ul>\n<\/div>\t\t\t\t<\/div>\n\t\t\t\t<\/div>\n\t\t\t\t\t<\/div>\n\t\t<\/div>\n\t\t\t\t\t<\/div>\n\t\t<\/section>\n\t\t\t\t<section class=\"elementor-section elementor-top-section elementor-element elementor-element-40a6b08 elementor-section-boxed elementor-section-height-default elementor-section-height-default\" data-id=\"40a6b08\" data-element_type=\"section\">\n\t\t\t\t\t\t<div class=\"elementor-container elementor-column-gap-default\">\n\t\t\t\t\t<div class=\"elementor-column elementor-col-100 elementor-top-column elementor-element elementor-element-6a7f886\" data-id=\"6a7f886\" data-element_type=\"column\">\n\t\t\t<div class=\"elementor-widget-wrap\">\n\t\t\t\t\t\t\t<\/div>\n\t\t<\/div>\n\t\t\t\t\t<\/div>\n\t\t<\/section>\n\t\t\t\t<\/div>\n\t\t","protected":false},"excerpt":{"rendered":"<p>Unmittelbar nach der politischen Wende in der DDR gr\u00fcndete Frieder Seidel zun\u00e4chst als Einzelkaufmann die Firma als christliche Versandbuchhandlung. Der rasante gesellschaftliche Wandel in Ostdeutschland f\u00fchrte zu raschen Erweiterungen. \u00dcber Schulbuchhandel, Schul- und Objektausstattungen und nahezu ungebremstes Wachstum kam es schlie\u00dflich zu ver\u00e4nderten Inhalten \u2013 und mit Einstieg der Ehefrau Carmen Seidel zu einer ge\u00e4nderten Struktur als concepcion SEIDEL OHG. \u00a0 Concepcion (spanisch \u201eEmpf\u00e4ngnis\u201c) pr\u00e4gt unser Firmenprofil, so dass vom empfangenden Gedanken bis zum vollendeten Produkt unserer Leistungen beschrieben sind: Herstellung und Vertrieb von Produkten des Verlagswesens und des Buchhandels Projektierung und Realisierung von Objektausstattungen Mit eigener Druckerei und dazugeh\u00f6rigem Satzstudio beginnen wir mit Texten, die zu B\u00fcchern werden, und bieten dar\u00fcber hinaus weitere Druck-Dienstleistungen. Unser Verlagswesen ist urspr\u00fcnglich von christlicher Pr\u00e4gung. Dazu geh\u00f6rt auch das Tochterunternehmen jOTA Publikationen GmbH als theologischer Fachverlag. Parallel dazu haben wir ein gro\u00dfes Sortiment an regionaler Literatur entwickelt und herausgegeben und mit \u00dcbernahme bestehender Verlage quantitativ ausgebaut. Mit Schreibwaren- und B\u00fcrobedarf, Bedarf f\u00fcr den Schulanfang und Post-Agenturen sind wir in unserem Stammhaus in Hammerbr\u00fccke und in unseren Filialen breit aufgestellt. Folgerichtig \u2013 an unserem Namen orientiert \u2013 sind wir nah an unseren Kunden geblieben und haben unseren Aktionsradius erweitert \u2013 mit Objekteinrichtungen, auch f\u00fcr Industrie und gesellschaftliche Tr\u00e4ger. Mit der \u00dcbernahme eines M\u00f6belwerkes und Fortf\u00fchrung desselben als Hammerbr\u00fccker Objektm\u00f6bel GmbH im Jahr 2010, das mittlerweile unser Sohn f\u00fchrt, wurde unser Profil nahezu vollendet. Wir sind gern f\u00fcr Sie da \u2013 sprechen Sie uns an Frieder und Carmen Seidel Hier finden Sie eine Auswahl an Angeboten aus unserem Onlineshop!<\/p>\n","protected":false},"author":1,"featured_media":0,"parent":0,"menu_order":0,"comment_status":"closed","ping_status":"closed","template":"","meta":{"footnotes":""},"class_list":["post-2094","page","type-page","status-publish","hentry"],"acf":[],"_links":{"self":[{"href":"https:\/\/entwurf.concepcion.de\/index.php\/wp-json\/wp\/v2\/pages\/2094","targetHints":{"allow":["GET"]}}],"collection":[{"href":"https:\/\/entwurf.concepcion.de\/index.php\/wp-json\/wp\/v2\/pages"}],"about":[{"href":"https:\/\/entwurf.concepcion.de\/index.php\/wp-json\/wp\/v2\/types\/page"}],"author":[{"embeddable":true,"href":"https:\/\/entwurf.concepcion.de\/index.php\/wp-json\/wp\/v2\/users\/1"}],"replies":[{"embeddable":true,"href":"https:\/\/entwurf.concepcion.de\/index.php\/wp-json\/wp\/v2\/comments?post=2094"}],"version-history":[{"count":41,"href":"https:\/\/entwurf.concepcion.de\/index.php\/wp-json\/wp\/v2\/pages\/2094\/revisions"}],"predecessor-version":[{"id":6215,"href":"https:\/\/entwurf.concepcion.de\/index.php\/wp-json\/wp\/v2\/pages\/2094\/revisions\/6215"}],"wp:attachment":[{"href":"https:\/\/entwurf.concepcion.de\/index.php\/wp-json\/wp\/v2\/media?parent=2094"}],"curies":[{"name":"wp","href":"https:\/\/api.w.org\/{rel}","templated":true}]}}